{"id":44,"date":"2018-07-12T09:23:15","date_gmt":"2018-07-12T07:23:15","guid":{"rendered":"http:\/\/alu-trans.pl\/?page_id=44"},"modified":"2018-11-06T11:07:18","modified_gmt":"2018-11-06T10:07:18","slug":"mesmerize","status":"publish","type":"page","link":"https:\/\/alu-trans.pl\/","title":{"rendered":"Strona G\u0142\u00f3wna"},"content":{"rendered":"<p>Witamy na stronie firmy Alu-Trans i zapraszamy do zapoznania si\u0119 z nasz\u0105 ofert\u0105!<\/p>\n<p>Alu-Trans to firma z wieloletnim sta\u017cem zajmuj\u0105ca si\u0119 projektowaniem oraz budow\u0105 przeno\u015bnik\u00f3w oraz innych maszyn dostosowanych do potrzeb naszych klient\u00f3w.<\/p>\n<p>Nasza oferta skierowana jest do zak\u0142ad\u00f3w przemys\u0142owych, mi\u0119snych, przetw\u00f3rstwa owoc\u00f3w i warzyw, bran\u017cy motoryzacyjnej, cukierniczej, piekarniczej, przemys\u0142u ci\u0119\u017ckiego, papierniczego, drzewnego,\u00a0gospodarstw rolniczych itd.<\/p>\n","protected":false},"excerpt":{"rendered":"<p>Witamy na stronie firmy Alu-Trans i zapraszamy do zapoznania si\u0119 z nasz\u0105 ofert\u0105! Alu-Trans to firma z wieloletnim sta\u017cem zajmuj\u0105ca si\u0119 projektowaniem oraz budow\u0105 przeno\u015bnik\u00f3w oraz innych maszyn dostosowanych do potrzeb naszych klient\u00f3w. Nasza oferta skierowana jest do zak\u0142ad\u00f3w przemys\u0142owych, mi\u0119snych, przetw\u00f3rstwa owoc\u00f3w i warzyw, bran\u017cy motoryzacyjnej, cukierniczej, piekarniczej, przemys\u0142u ci\u0119\u017ckiego, papierniczego, drzewnego,\u00a0gospodarstw rolniczych itd.<\/p>\n","protected":false},"author":1,"featured_media":0,"parent":0,"menu_order":0,"comment_status":"closed","ping_status":"closed","template":"","meta":{"om_disable_all_campaigns":false,"_monsterinsights_skip_tracking":false,"_monsterinsights_sitenote_active":false,"_monsterinsights_sitenote_note":"","_monsterinsights_sitenote_category":0,"_uf_show_specific_survey":0,"_uf_disable_surveys":false,"footnotes":""},"aioseo_notices":[],"_links":{"self":[{"href":"https:\/\/alu-trans.pl\/index.php?rest_route=\/wp\/v2\/pages\/44"}],"collection":[{"href":"https:\/\/alu-trans.pl\/index.php?rest_route=\/wp\/v2\/pages"}],"about":[{"href":"https:\/\/alu-trans.pl\/index.php?rest_route=\/wp\/v2\/types\/page"}],"author":[{"embeddable":true,"href":"https:\/\/alu-trans.pl\/index.php?rest_route=\/wp\/v2\/users\/1"}],"replies":[{"embeddable":true,"href":"https:\/\/alu-trans.pl\/index.php?rest_route=%2Fwp%2Fv2%2Fcomments&post=44"}],"version-history":[{"count":9,"href":"https:\/\/alu-trans.pl\/index.php?rest_route=\/wp\/v2\/pages\/44\/revisions"}],"predecessor-version":[{"id":211,"href":"https:\/\/alu-trans.pl\/index.php?rest_route=\/wp\/v2\/pages\/44\/revisions\/211"}],"wp:attachment":[{"href":"https:\/\/alu-trans.pl\/index.php?rest_route=%2Fwp%2Fv2%2Fmedia&parent=44"}],"curies":[{"name":"wp","href":"https:\/\/api.w.org\/{rel}","templated":true}]}}